{"id":1051,"date":"2015-08-19T20:30:18","date_gmt":"2015-08-19T19:30:18","guid":{"rendered":"https:\/\/escm35.fr\/?page_id=1051"},"modified":"2023-07-26T17:16:00","modified_gmt":"2023-07-26T15:16:00","slug":"conseil-dadministration","status":"publish","type":"page","link":"https:\/\/escm35.fr\/accueil\/conseil-dadministration\/","title":{"rendered":"Conseil d&rsquo;administration"},"content":{"rendered":"[et_pb_section fb_built=\u00a0\u00bb1&Prime; theme_builder_area=\u00a0\u00bbpost_content\u00a0\u00bb _builder_version=\u00a0\u00bb4.21.0&Prime; _module_preset=\u00a0\u00bbdefault\u00a0\u00bb][\/et_pb_section]\n","protected":false},"excerpt":{"rendered":"","protected":false},"author":1,"featured_media":0,"parent":0,"menu_order":0,"comment_status":"open","ping_status":"open","template":"","meta":{"_et_pb_use_builder":"on","_et_pb_old_content":"<div id=\"pl-1051\"  class=\"panel-layout\" ><div id=\"pg-1051-0\"  class=\"panel-grid panel-no-style\"  data-style=\"{&quot;background_display&quot;:&quot;cover&quot;}\" ><div id=\"pgc-1051-0-0\"  class=\"panel-grid-cell\"  data-weight=\"1\" ><div id=\"panel-1051-0-0-0\" class=\"so-panel widget widget_black-studio-tinymce widget_black_studio_tinymce panel-first-child panel-last-child\" data-index=\"0\" data-style=\"{&quot;background_display&quot;:&quot;cover&quot;}\" ><div class=\"textwidget\"><p><div class=\"su-heading su-heading-style-default su-heading-align-center\" style=\"font-size:13px;margin-bottom:20px\"><div class=\"su-heading-inner\">Le Conseil d'Administration<\/div><\/div><\/p><\/div><\/div><\/div><\/div><div id=\"pg-1051-1\"  class=\"panel-grid panel-no-style\"  data-style=\"{&quot;background_image_attachment&quot;:false,&quot;background_display&quot;:&quot;tile&quot;,&quot;cell_alignment&quot;:&quot;flex-start&quot;}\"  data-ratio=\"1\"  data-ratio-direction=\"right\" ><div id=\"pgc-1051-1-0\"  class=\"panel-grid-cell\"  data-weight=\"0.2\" ><div id=\"panel-1051-1-0-0\" class=\"so-panel widget widget_black-studio-tinymce widget_black_studio_tinymce panel-first-child panel-last-child\" data-index=\"1\" data-style=\"{&quot;background_display&quot;:&quot;tile&quot;}\" ><div class=\"textwidget\"><div class=\"su-box su-box-style-glass\" style=\"border-color:#b7b2b2;border-radius:6px\"><div class=\"su-box-title\" style=\"background-color:#e5dede;color:#0e0707;border-top-left-radius:4px;border-top-right-radius:4px\">Pr\u00e9sident<\/div><div class=\"su-box-content su-clearfix\" style=\"border-bottom-left-radius:4px;border-bottom-right-radius:4px\"><a href=\"https:\/\/escm35.fr\/wp-content\/uploads\/2015\/08\/fe\u0302te-mus-15-1961-e1440078327945.jpg\"><img class=\"alignnone size-full wp-image-1113\" src=\"https:\/\/escm35.fr\/wp-content\/uploads\/2015\/08\/fe\u0302te-mus-15-1961-e1440078327945.jpg\" alt=\"J\u00e9r\u00f4me Le Meitour\" width=\"400\" height=\"524\" \/><\/a>\n<h6 style=\"text-align: center;font-size:12px\">J\u00e9r\u00f4me Le Meitour\n\n06 22 11 60 48<\/div><\/div><\/h6>\n&nbsp;<\/div><\/div><\/div><div id=\"pgc-1051-1-1\"  class=\"panel-grid-cell\"  data-weight=\"0.2\" ><div id=\"panel-1051-1-1-0\" class=\"so-panel widget widget_black-studio-tinymce widget_black_studio_tinymce panel-first-child panel-last-child\" data-index=\"2\" data-style=\"{&quot;background_display&quot;:&quot;tile&quot;}\" ><div class=\"textwidget\"><div class=\"su-box su-box-style-glass\" style=\"border-color:#b7b2b2;border-radius:6px\"><div class=\"su-box-title\" style=\"background-color:#e5dede;color:#0e0707;border-top-left-radius:4px;border-top-right-radius:4px\">Volley<\/div><div class=\"su-box-content su-clearfix\" style=\"border-bottom-left-radius:4px;border-bottom-right-radius:4px\"><a href=\"https:\/\/escm35.fr\/wp-content\/uploads\/2015\/08\/MARIAGE-MELOT-AVRIL-2015-304.jpg\"><img class=\"alignnone size-full wp-image-1126\" src=\"https:\/\/escm35.fr\/wp-content\/uploads\/2015\/08\/MARIAGE-MELOT-AVRIL-2015-304.jpg\" alt=\"Fabrice Melot\" width=\"400\" height=\"524\" \/><\/a>\n<h6 style=\"text-align: center;font-size:12px\">Fabrice Melot\n\n06 18 63 07 64<\/div><\/div><\/h6><\/div><\/div><\/div><div id=\"pgc-1051-1-2\"  class=\"panel-grid-cell\"  data-weight=\"0.2\" ><div id=\"panel-1051-1-2-0\" class=\"so-panel widget widget_black-studio-tinymce widget_black_studio_tinymce panel-first-child panel-last-child\" data-index=\"3\" data-style=\"{&quot;background_image_attachment&quot;:false,&quot;background_display&quot;:&quot;tile&quot;}\" ><div class=\"textwidget\"><div class=\"su-box su-box-style-glass\" style=\"border-color:#b7b2b2;border-radius:6px\"><div class=\"su-box-title\" style=\"background-color:#e5dede;color:#0e0707;border-top-left-radius:4px;border-top-right-radius:4px\">Secr\u00e9taire<\/div><div class=\"su-box-content su-clearfix\" style=\"border-bottom-left-radius:4px;border-bottom-right-radius:4px\"><a href=\"https:\/\/escm35.fr\/wp-content\/uploads\/2015\/08\/vide-grenier15-2033-e1440080734226.jpg\"><img class=\"alignnone size-full wp-image-1133\" src=\"https:\/\/escm35.fr\/wp-content\/uploads\/2015\/08\/vide-grenier15-2033-e1440080734226.jpg\" alt=\"Aurelie Laquerre\" width=\"400\" height=\"524\" \/><\/a>\n<h6 style=\"text-align: center; font-size: 12px;\">Aurelie Laquerre\n\n06 75 68 75 11<\/div><\/div><\/h6>\n\n\n<\/div><\/div><\/div><div id=\"pgc-1051-1-3\"  class=\"panel-grid-cell\"  data-weight=\"0.2\" ><div id=\"panel-1051-1-3-0\" class=\"so-panel widget widget_black-studio-tinymce widget_black_studio_tinymce panel-first-child panel-last-child\" data-index=\"4\" data-style=\"{&quot;background_display&quot;:&quot;tile&quot;}\" ><div class=\"textwidget\"><div class=\"su-box su-box-style-glass\" style=\"border-color:#b7b2b2;border-radius:6px\"><div class=\"su-box-title\" style=\"background-color:#e5dede;color:#0e0707;border-top-left-radius:4px;border-top-right-radius:4px\">Tr\u00e9sori\u00e8re<\/div><div class=\"su-box-content su-clearfix\" style=\"border-bottom-left-radius:4px;border-bottom-right-radius:4px\"><a href=\"https:\/\/escm35.fr\/wp-content\/uploads\/2015\/08\/25-ans-mariage-52-e1440079086551.jpg\"><img class=\"alignnone size-full wp-image-1118\" src=\"https:\/\/escm35.fr\/wp-content\/uploads\/2015\/08\/25-ans-mariage-52-e1440079086551.jpg\" alt=\"Apolline Poulain\" width=\"400\" height=\"524\" \/><\/a>\n<h6 style=\"text-align: center;font-size:12px\">Apolline Poulain\n\n06 08 74 58 37<\/div><\/div><\/h6><\/div><\/div><\/div><div id=\"pgc-1051-1-4\"  class=\"panel-grid-cell\"  data-weight=\"0.2\" ><div id=\"panel-1051-1-4-0\" class=\"so-panel widget widget_black-studio-tinymce widget_black_studio_tinymce panel-first-child panel-last-child\" data-index=\"5\" data-style=\"{&quot;background_image_attachment&quot;:false,&quot;background_display&quot;:&quot;tile&quot;}\" ><div class=\"textwidget\"><div class=\"su-box su-box-style-glass\" style=\"border-color:#b7b2b2;border-radius:6px\"><div class=\"su-box-title\" style=\"background-color:#e5dede;color:#0e0707;border-top-left-radius:4px;border-top-right-radius:4px\">Couture<\/div><div class=\"su-box-content su-clearfix\" style=\"border-bottom-left-radius:4px;border-bottom-right-radius:4px\"><a href=\"https:\/\/escm35.fr\/wp-content\/uploads\/2015\/08\/DSC_9424-e1440080287420.jpg\"><img class=\"alignnone size-full wp-image-1129\" src=\"https:\/\/escm35.fr\/wp-content\/uploads\/2015\/08\/DSC_9424-e1440080287420.jpg\" alt=\"G\u00e9raldine Gicquel\" width=\"400\" height=\"524\" \/><\/a>\n<h6 style=\"text-align: center;font-size:12px\">G\u00e9raldine Gicquel\n\n06 16 36 12 24<\/div><\/div><\/h6><\/div><\/div><\/div><\/div><div id=\"pg-1051-2\"  class=\"panel-grid panel-no-style\"  data-style=\"{&quot;background_display&quot;:&quot;tile&quot;}\" ><div id=\"pgc-1051-2-0\"  class=\"panel-grid-cell\"  data-weight=\"0.16666666666667\" ><div id=\"panel-1051-2-0-0\" class=\"so-panel widget widget_black-studio-tinymce widget_black_studio_tinymce panel-first-child panel-last-child\" data-index=\"6\" data-style=\"{&quot;background_display&quot;:&quot;tile&quot;}\" ><div class=\"textwidget\"><div class=\"su-box su-box-style-glass\" style=\"border-color:#b7b2b2;border-radius:6px\"><div class=\"su-box-title\" style=\"background-color:#e5dede;color:#0e0707;border-top-left-radius:4px;border-top-right-radius:4px\">M\u00e9diath.<\/div><div class=\"su-box-content su-clearfix\" style=\"border-bottom-left-radius:4px;border-bottom-right-radius:4px\"><a href=\"https:\/\/escm35.fr\/wp-content\/uploads\/2015\/08\/fe\u0302te-mus-15-82-e1440081383218.jpg\"><img class=\"alignnone size-full wp-image-1140\" src=\"https:\/\/escm35.fr\/wp-content\/uploads\/2015\/08\/fe\u0302te-mus-15-82-e1440081383218.jpg\" alt=\"Lucie Corgne\" width=\"400\" height=\"524\" \/><\/a>\n<h6 style=\"text-align: center;font-size:12px\">Lucie Corgne\n\n06 68 10 19 07<\/div><\/div><\/h6><\/div><\/div><\/div><div id=\"pgc-1051-2-1\"  class=\"panel-grid-cell\"  data-weight=\"0.16666666666667\" ><div id=\"panel-1051-2-1-0\" class=\"so-panel widget widget_black-studio-tinymce widget_black_studio_tinymce panel-first-child panel-last-child\" data-index=\"7\" data-style=\"{&quot;background_display&quot;:&quot;tile&quot;}\" ><div class=\"textwidget\"><div class=\"su-box su-box-style-glass\" style=\"border-color:#b7b2b2;border-radius:6px\"><div class=\"su-box-title\" style=\"background-color:#e5dede;color:#0e0707;border-top-left-radius:4px;border-top-right-radius:4px\">Yoga<\/div><div class=\"su-box-content su-clearfix\" style=\"border-bottom-left-radius:4px;border-bottom-right-radius:4px\"><a href=\"https:\/\/escm35.fr\/wp-content\/uploads\/2015\/08\/FullSizeRender.jpg\"><img class=\"alignnone size-full wp-image-2867\" src=\"https:\/\/escm35.fr\/wp-content\/uploads\/2015\/08\/FullSizeRender.jpg\" alt=\"Enora Lefeuvre\" width=\"400\" height=\"524\" \/><\/a>\n<h6 style=\"text-align: center;font-size:12px\">Enora Lefeuvre\n\n06 87 45 16 10<\/div><\/div><\/h6><\/div><\/div><\/div><div id=\"pgc-1051-2-2\"  class=\"panel-grid-cell\"  data-weight=\"0.16666666666667\" ><div id=\"panel-1051-2-2-0\" class=\"so-panel widget widget_black-studio-tinymce widget_black_studio_tinymce panel-first-child panel-last-child\" data-index=\"8\" data-style=\"{&quot;background_image_attachment&quot;:false,&quot;background_display&quot;:&quot;tile&quot;}\" ><div class=\"textwidget\"><div class=\"su-box su-box-style-glass\" style=\"border-color:#b7b2b2;border-radius:6px\"><div class=\"su-box-title\" style=\"background-color:#e5dede;color:#0e0707;border-top-left-radius:4px;border-top-right-radius:4px\">Yoga<\/div><div class=\"su-box-content su-clearfix\" style=\"border-bottom-left-radius:4px;border-bottom-right-radius:4px\"><a href=\"https:\/\/escm35.fr\/wp-content\/uploads\/2017\/01\/Le-Guennec.jpg\"><img class=\"alignnone size-full wp-image-2867\" src=\"https:\/\/escm35.fr\/wp-content\/uploads\/2017\/01\/Le-Guennec.jpg\" alt=\"Gwendal Le Guennec\" width=\"400\" height=\"524\" \/><\/a>\n<h6 style=\"text-align: center;font-size:12px\">Gwendal Le Guennec\n\n07 87 27 53 27<\/div><\/div><\/h6><\/div><\/div><\/div><div id=\"pgc-1051-2-3\"  class=\"panel-grid-cell\"  data-weight=\"0.16666666666667\" ><div id=\"panel-1051-2-3-0\" class=\"so-panel widget widget_black-studio-tinymce widget_black_studio_tinymce panel-first-child panel-last-child\" data-index=\"9\" data-style=\"{&quot;background_image_attachment&quot;:false,&quot;background_display&quot;:&quot;tile&quot;}\" ><div class=\"textwidget\"><div class=\"su-box su-box-style-glass\" style=\"border-color:#b7b2b2;border-radius:6px\"><div class=\"su-box-title\" style=\"background-color:#e5dede;color:#0e0707;border-top-left-radius:4px;border-top-right-radius:4px\">P'tits Loups du Sport<\/div><div class=\"su-box-content su-clearfix\" style=\"border-bottom-left-radius:4px;border-bottom-right-radius:4px\"><a href=\"https:\/\/escm35.fr\/wp-content\/uploads\/2017\/01\/Le-Guennec.jpg\"><img class=\"alignnone size-full wp-image-2867\" src=\"https:\/\/escm35.fr\/wp-content\/uploads\/2017\/01\/Le-Guennec.jpg\" alt=\"Gwendal Le Guennec\" width=\"400\" height=\"524\" \/><\/a>\n<h6 style=\"text-align: center;font-size:12px\">Marie David\n\n06 07 10 21 58<\/div><\/div><\/h6><\/div><\/div><\/div><div id=\"pgc-1051-2-4\"  class=\"panel-grid-cell panel-grid-cell-empty panel-grid-cell-mobile-last\"  data-weight=\"0.16666666666667\" ><\/div><div id=\"pgc-1051-2-5\"  class=\"panel-grid-cell panel-grid-cell-empty\"  data-weight=\"0.16666666666667\" ><\/div><\/div><div id=\"pg-1051-3\"  class=\"panel-grid panel-no-style\"  data-style=\"{&quot;background_display&quot;:&quot;tile&quot;}\" ><div id=\"pgc-1051-3-0\"  class=\"panel-grid-cell panel-grid-cell-empty\"  data-weight=\"0.2\" ><\/div><div id=\"pgc-1051-3-1\"  class=\"panel-grid-cell panel-grid-cell-empty\"  data-weight=\"0.2\" ><\/div><div id=\"pgc-1051-3-2\"  class=\"panel-grid-cell panel-grid-cell-empty\"  data-weight=\"0.2\" ><\/div><div id=\"pgc-1051-3-3\"  class=\"panel-grid-cell panel-grid-cell-empty panel-grid-cell-mobile-last\"  data-weight=\"0.2\" ><\/div><div id=\"pgc-1051-3-4\"  class=\"panel-grid-cell panel-grid-cell-empty\"  data-weight=\"0.2\" ><\/div><\/div><div id=\"pg-1051-4\"  class=\"panel-grid panel-no-style\" ><div id=\"pgc-1051-4-0\"  class=\"panel-grid-cell\"  data-weight=\"1\" ><div id=\"panel-1051-4-0-0\" class=\"so-panel widget widget_black-studio-tinymce widget_black_studio_tinymce panel-first-child panel-last-child\" data-index=\"10\" data-style=\"{&quot;background_display&quot;:&quot;tile&quot;}\" ><div class=\"textwidget\"><p><div class=\"su-divider su-divider-style-default\" style=\"margin:15px 0;border-width:3px;border-color:#999999\"><a href=\"#\" style=\"color:#999999\">Aller en haut<\/a><\/div><div class=\"su-heading su-heading-style-default su-heading-align-center\" style=\"font-size:13px;margin-bottom:20px\"><div class=\"su-heading-inner\">Historique de l'association<\/div><\/div><\/p><p>Le 23 septembre 1945 naissait l\u2019ESSM (l\u2019Etoile Sportive Saint Martin de Moulins) <br \/> Les buts \u00e9taient : D\u00e9velopper par l\u2019emploi rationnel de l\u2019\u00e9ducation physique, des sports et des activit\u00e9s culturelles, l\u2019\u00e9ducation et la formation physique, intellectuelle et morale de la jeunesse et de cr\u00e9er entre tous ses membres des liens d\u2019amiti\u00e9 et de solidarit\u00e9. <br \/> Il existait alors essentiellement du foot.<\/p><p>En 1971, se mettait en place la premi\u00e8re section de volley avec comme animateur : Andr\u00e9 MORLIER.Les \u00e9quipes \u00e9taient uniquement f\u00e9minines et \u00e9taient engag\u00e9es en FSCF. A l\u2019\u00e9poque, la plupart des matchs se jouaient \u00e0 l\u2019ext\u00e9rieur, m\u00eame sous la pluie.<\/p><p>En 1987, r\u00e9vision des statuts. ASCM ( Association Sportive et Culturelle de Moulins ) est cr\u00e9\u00e9e en 1983 Sous l\u2019impulsion de Rolland JEANNIOT et de Marc BELLOT. <br \/> <br \/> Les buts \u00e9taient : Organiser toute activit\u00e9 sportive, r\u00e9cr\u00e9ative ou culturelle qu\u2019elle jugera int\u00e9ressante.<br \/> Les premi\u00e8res activit\u00e9s \u00e9taient : Biblioth\u00e8que, Cyclotourisme, Sorties. <br \/> 4 ans plus tard, l\u2019association avait \u00e9volu\u00e9,et nous trouvions alors les activit\u00e9sde ; Biblioth\u00e8que, Tennis de table, Sorties neige, Sorties spectacles, Spectacles \u00e0 Moulins, Cyclotourisme, Gymnastique, Visites, Patins \u00e0 roulettes, tournoi interne annuel de tennis, il y avait m\u00eame eu un r\u00e9veillon d\u2019organis\u00e9.<\/p><p>Fin du Foot sous l\u2019ESSM en 1988.<\/p><p>En 1990, il y avait 2 associations avec des CA presque identiques.<\/p><p>L\u2019 ESSM avait comme pr\u00e9sidente : Marie Ren\u00e9e. L\u2019ASCM comme pr\u00e9sident : Alain. Pendant un an nous travaillons \u00e0 une \u00e9ventuelle fusion des 2 associations.<\/p><p>En 1991, c\u2019\u00e9tait chose faite, l\u2019ESCM ( Entente Sportive et Culturelle de Moulins ) naissait.<br \/> Les buts de cette nouvelle association \u00e9taient ( et sont toujours ) : Cette Association, affili\u00e9e, entre autres, \u00e0 la FFVB ( F\u00e9d\u00e9ration Fran\u00e7aise de Volley Ball ) a pour but d\u2019organise toute activit\u00e9 sportive, r\u00e9cr\u00e9ative ou culturelle qu\u2019elle jugera int\u00e9ressante. <br \/> Les activit\u00e9s repr\u00e9sent\u00e9es \u00e9taient : Volley, Escalade, Tennis, Cyclotourisme, Biblioth\u00e8que. Depuis, des sections nouvelles sont n\u00e9es, d\u2019autres ont disparu.<\/p><p>En 2001, l\u2019ESCM est forte d\u2019environ 200 adh\u00e9rents et fonctionne tr\u00e8s bien gr\u00e2ce aux nombreux b\u00e9n\u00e9voles qui l\u2019animent.<\/p><p>\u00a0<\/p><p>Le 14 septembre 2003<div class=\"su-divider su-divider-style-default\" style=\"margin:15px 0;border-width:3px;border-color:#999999\"><a href=\"#\" style=\"color:#999999\">Aller en haut<\/a><\/div><div class=\"su-heading su-heading-style-default su-heading-align-center\" style=\"font-size:13px;margin-bottom:20px\"><div class=\"su-heading-inner\">ENTENTE SPORTIVE ET CULTURELLE DE MOULINS<\/div><\/div><\/p><p><strong>MISE A JOUR DES STATUTS le 15 octobre 2016<\/strong><\/p><p>ARTICLE 1 - L\u2019E.S.S.M, Etoile Sportive Saint-Martin, cr\u00e9\u00e9e en 1945 et l\u2019A.S.C.M, Association Sportive et Culturelle de Moulins, cr\u00e9\u00e9e en 1983, fusionnent et fondent en 1991 une nouvelle Association \u00e0 dur\u00e9e illimit\u00e9e, r\u00e9gie par la loi du 1er juillet 1901 et le d\u00e9cret du 16 ao\u00fbt 1901 ayant pour d\u00e9nomination : ENTENTE SPORTIVE ET CULTURELLE DE MOULINS<\/p><p>ARTICLE 2 - Cette association affili\u00e9e, entre autre, \u00e0 la F.F.V.B ( F\u00e9d\u00e9ration Fran\u00e7aise de Volley Ball ) a pour but d\u2019organiser toute activit\u00e9 sportive ou culturelle qu\u2019elle jugera int\u00e9ressante.<\/p><p>ARTICLE 3 - Le Si\u00e8ge Social de l\u2019E.S.C.M est fix\u00e9 \u00e0 la biblioth\u00e8que \u00e0 La Mettrie \u00e0 Moulins.Il pourrait \u00eatre transf\u00e9r\u00e9 sur simple d\u00e9cision du Conseil d\u2019Administration.<\/p><p>ARTICLE 4 - L\u2019Association se compose de membres adh\u00e9rents inscrits \u00e0 une ou plusieurs activit\u00e9s r\u00e9guli\u00e8rement constitu\u00e9es.<\/p><p>ARTICLE 5 - Sont membres ceux qui versent une cotisation annuelle dont le montant est fix\u00e9 chaque ann\u00e9e par le Conseil d\u2019Administration.<\/p><p>ARTICLE 6 - Une cotisation suppl\u00e9mentaire est demand\u00e9e aux adh\u00e9rents pratiquant une activit\u00e9 particuli\u00e8re demandant une licence individuelle ou un engagement. Exemples : Volley Ball, Fitness\u2026.Celle ci est propos\u00e9e par le responsable de la section au Conseil d\u2019Administration qui ent\u00e9rine.<\/p><p>ARTICLE 7 - La qualit\u00e9 de membre se perd par : a) la d\u00e9mission, b) la radiation prononc\u00e9e par le Conseil d\u2019administration pour non paiement de la cotisation ou pour motif grave. L\u2019int\u00e9ress\u00e9 aura \u00e9t\u00e9 invit\u00e9 \u00e0 fournir des explications \u00e9crites au CA.<\/p><p>ARTICLE 8 - Les ressources de l\u2019Association comprennent : <br \/> a) le montant des droits d\u2019entr\u00e9e et des cotisations, <br \/> b) les subvention de l\u2019\u00e9tat, des d\u00e9partements et des communes,<br \/> c) les ressources cr\u00e9\u00e9es \u00e0 l\u2019occasion des activit\u00e9s des diverses sections<br \/>d) les sponsors.<\/p><p>ARTICLE 9 - L\u2019Association est dirig\u00e9e par un Conseil d\u2019Administration compos\u00e9 de : - pour la section Volley, deux repr\u00e9sentants dont un(e) secr\u00e9taire sp\u00e9cifique \u00e0 cette activit\u00e9, - pour chacune des autres section, un(e) repr\u00e9sentant(e), - et plus, les membres \u00e9lus par l\u2019Assembl\u00e9e G\u00e9n\u00e9rale chaque ann\u00e9e. Les membres sortants sont r\u00e9\u00e9ligibles. Est \u00e9lecteur tout membre actif \u00e2g\u00e9 de plus de 14 ans et adh\u00e9rent depuis plus de six mois Est \u00e9ligible, tout membre actif majeur et adh\u00e9rent depuis plus de 6 mois en essayant d\u2019atteindre la parit\u00e9 femmes, hommes. Le Conseil d\u2019Administration choisit parmi ses membres, au scrutin secret, un bureau compos\u00e9 de : - un(e) Pr\u00e9sident(e), - un(e) Vice Pr\u00e9sident(e), - un(e) Secr\u00e9taire G\u00e9n\u00e9ral(e), - un(e) Tr\u00e9sorier(e).<\/p><p>ARTICLE 10 - Le Conseil d\u2019Administration adopte le projet de budget avant la d\u00e9but de l\u2019exercice. Le Conseil d\u2019Administration de r\u00e9unit au moins une fois pat trimestre sur convocation du Pr\u00e9sident ou sur demande d\u2019au moins le quart de ses membres. Les d\u00e9cisions sont prises \u00e0 la majorit\u00e9 des voix . En cas de partage, la voix du Pr\u00e9sident est pr\u00e9pond\u00e9rante. Tout membre du Conseil d\u2019Administration qui, sans excuse, n\u2019aura pas assist\u00e9 \u00e0 3 r\u00e9unions cons\u00e9cutives pourra \u00eatre consid\u00e9r\u00e9 comme d\u00e9missionnaire.<\/p><p>ARTICLE 11 - L\u2019Assembl\u00e9e G\u00e9n\u00e9rale ordinaire comprend tous les membres adh\u00e9rents de l\u2019association, toutes sections confondues. L\u2019Assembl\u00e9e G\u00e9n\u00e9rale se r\u00e9unit chaque ann\u00e9e au mois de septembre. Les membre de l\u2019Association sont convoqu\u00e9s quinze jours au moins avant la date fix\u00e9e. L\u2019Ordre du jour est fix\u00e9 par le Conseil d\u2019Administration et mentionn\u00e9 sur la convocation. Le Pr\u00e9sident, assist\u00e9 des membres du Bureau, pr\u00e9side l\u2019Assembl\u00e9e et expose la situation morale de l\u2019Association. Le Tr\u00e9sorier rend compte de sa gestion. Le rapport moral et le bilan financier sont soumis \u00e0 l\u2019approbation de l\u2019Assembl\u00e9e G\u00e9n\u00e9rale qui les adopte au plus tard dans un d\u00e9lai de 6 mois. L\u2019Assembl\u00e9e G\u00e9n\u00e9rale proc\u00e8de \u00e0 l\u2019\u00e9lection des membres sortants du conseil. Ne devront \u00eatre trait\u00e9es, lors de l\u2019Assembl\u00e9e G\u00e9n\u00e9rale, que les questions soumises \u00e0 l\u2019ordre du jour.<\/p><p>ARTICLE 12 - Si besoins est ou sur demande du 1\/3 ou du \u00bc des membres de l\u2019association ayant le droit de vote, le Pr\u00e9sident peut convoquer une Assembl\u00e9e G\u00e9n\u00e9rale extraordinaire.<\/p><p>ARTICLE 13 - Tout contrat ou convention pass\u00e9 entre l\u2019Association d\u2019une part et un membre du CA ou du Bureau, son conjoint ou un proche d\u2019autre part, est soumis pour autorisation au CA et pr\u00e9sent\u00e9 pour information \u00e0 l\u2019AG qui suit cette d\u00e9cision.<\/p><p>ARTICLE 14 - Le CA pourra \u00e9tablir un r\u00e8glement int\u00e9rieur qui sera approuv\u00e9 par l\u2019AG. Chaque section pourra \u00e9galement \u00e9tablir son propre r\u00e8glement int\u00e9rieur qui devra \u00eatre communiqu\u00e9 au CA.<\/p><p>ARTICLE 15 - En cas de dissolution prononc\u00e9e par les deux tiers au moins des membres adh\u00e9rents pr\u00e9sents \u00e0 l\u2019Assembl\u00e9e G\u00e9n\u00e9rale, un ou plusieurs liquidateurs sont nomm\u00e9s par celle ci et, s\u2019il y a lieu, l\u2019actif est d\u00e9volu conform\u00e9ment \u00e0 l\u2019article 9 de la loi du 1er juillet 1901 et au d\u00e9cret du 16 ao\u00fbt 1901.<div class=\"su-divider su-divider-style-default\" style=\"margin:15px 0;border-width:3px;border-color:#999999\"><a href=\"#\" style=\"color:#999999\">Aller en haut<\/a><\/div><\/p><\/div><\/div><\/div><\/div><\/div>","_et_gb_content_width":"","_exactmetrics_skip_tracking":false,"_exactmetrics_sitenote_active":false,"_exactmetrics_sitenote_note":"","_exactmetrics_sitenote_category":0,"footnotes":""},"class_list":["post-1051","page","type-page","status-publish","hentry"],"_links":{"self":[{"href":"https:\/\/escm35.fr\/accueil\/wp-json\/wp\/v2\/pages\/1051"}],"collection":[{"href":"https:\/\/escm35.fr\/accueil\/wp-json\/wp\/v2\/pages"}],"about":[{"href":"https:\/\/escm35.fr\/accueil\/wp-json\/wp\/v2\/types\/page"}],"author":[{"embeddable":true,"href":"https:\/\/escm35.fr\/accueil\/wp-json\/wp\/v2\/users\/1"}],"replies":[{"embeddable":true,"href":"https:\/\/escm35.fr\/accueil\/wp-json\/wp\/v2\/comments?post=1051"}],"version-history":[{"count":0,"href":"https:\/\/escm35.fr\/accueil\/wp-json\/wp\/v2\/pages\/1051\/revisions"}],"wp:attachment":[{"href":"https:\/\/escm35.fr\/accueil\/wp-json\/wp\/v2\/media?parent=1051"}],"curies":[{"name":"wp","href":"https:\/\/api.w.org\/{rel}","templated":true}]}}