{"id":6020,"date":"2019-03-12T16:40:15","date_gmt":"2019-03-12T15:40:15","guid":{"rendered":"https:\/\/escm35.fr\/?post_type=product&#038;p=6020"},"modified":"2025-06-23T14:18:33","modified_gmt":"2025-06-23T12:18:33","slug":"mecenat","status":"publish","type":"product","link":"https:\/\/escm35.fr\/accueil\/produit\/mecenat\/","title":{"rendered":"M\u00e9c\u00e9nat"},"content":{"rendered":"[et_pb_section fb_built=\u00a0\u00bb1&Prime; _builder_version=\u00a0\u00bb4.16&Prime; custom_padding=\u00a0\u00bb0px||||false|false\u00a0\u00bb global_colors_info=\u00a0\u00bb{}\u00a0\u00bb][et_pb_row _builder_version=\u00a0\u00bb4.16&Prime; background_size=\u00a0\u00bbinitial\u00a0\u00bb background_position=\u00a0\u00bbtop_left\u00a0\u00bb background_repeat=\u00a0\u00bbrepeat\u00a0\u00bb width=\u00a0\u00bb100%\u00a0\u00bb custom_padding=\u00a0\u00bb0px||0px||false|false\u00a0\u00bb global_colors_info=\u00a0\u00bb{}\u00a0\u00bb][et_pb_column type=\u00a0\u00bb4_4&Prime; _builder_version=\u00a0\u00bb4.16&Prime; custom_padding=\u00a0\u00bb|||\u00a0\u00bb global_colors_info=\u00a0\u00bb{}\u00a0\u00bb custom_padding__hover=\u00a0\u00bb|||\u00a0\u00bb][et_pb_wc_breadcrumb _builder_version=\u00a0\u00bb4.16&Prime; global_colors_info=\u00a0\u00bb{}\u00a0\u00bb][\/et_pb_wc_breadcrumb][et_pb_wc_cart_notice _builder_version=\u00a0\u00bb4.16&Prime; global_colors_info=\u00a0\u00bb{}\u00a0\u00bb][\/et_pb_wc_cart_notice][\/et_pb_column][\/et_pb_row][et_pb_row column_structure=\u00a0\u00bb1_2,1_2&Prime; _builder_version=\u00a0\u00bb4.16&Prime; background_size=\u00a0\u00bbinitial\u00a0\u00bb background_position=\u00a0\u00bbtop_left\u00a0\u00bb background_repeat=\u00a0\u00bbrepeat\u00a0\u00bb width=\u00a0\u00bb100%\u00a0\u00bb custom_padding=\u00a0\u00bb0px||||false|false\u00a0\u00bb global_colors_info=\u00a0\u00bb{}\u00a0\u00bb][et_pb_column type=\u00a0\u00bb1_2&Prime; _builder_version=\u00a0\u00bb4.16&Prime; custom_padding=\u00a0\u00bb|||\u00a0\u00bb global_colors_info=\u00a0\u00bb{}\u00a0\u00bb custom_padding__hover=\u00a0\u00bb|||\u00a0\u00bb][et_pb_wc_images _builder_version=\u00a0\u00bb4.16&Prime; global_colors_info=\u00a0\u00bb{}\u00a0\u00bb][\/et_pb_wc_images][\/et_pb_column][et_pb_column type=\u00a0\u00bb1_2&Prime; _builder_version=\u00a0\u00bb4.16&Prime; custom_padding=\u00a0\u00bb|||\u00a0\u00bb global_colors_info=\u00a0\u00bb{}\u00a0\u00bb custom_padding__hover=\u00a0\u00bb|||\u00a0\u00bb][et_pb_wc_title _builder_version=\u00a0\u00bb4.16&Prime; global_colors_info=\u00a0\u00bb{}\u00a0\u00bb][\/et_pb_wc_title][et_pb_wc_rating _builder_version=\u00a0\u00bb4.16&Prime; global_colors_info=\u00a0\u00bb{}\u00a0\u00bb][\/et_pb_wc_rating][et_pb_wc_price _builder_version=\u00a0\u00bb4.16&Prime; global_colors_info=\u00a0\u00bb{}\u00a0\u00bb][\/et_pb_wc_price][et_pb_wc_description _builder_version=\u00a0\u00bb4.16&Prime; global_colors_info=\u00a0\u00bb{}\u00a0\u00bb][\/et_pb_wc_description][et_pb_wc_add_to_cart _builder_version=\u00a0\u00bb4.16&Prime; global_colors_info=\u00a0\u00bb{}\u00a0\u00bb][\/et_pb_wc_add_to_cart][et_pb_wc_meta _builder_version=\u00a0\u00bb4.16&Prime; global_colors_info=\u00a0\u00bb{}\u00a0\u00bb][\/et_pb_wc_meta][\/et_pb_column][\/et_pb_row][et_pb_row _builder_version=\u00a0\u00bb4.16&Prime; background_size=\u00a0\u00bbinitial\u00a0\u00bb background_position=\u00a0\u00bbtop_left\u00a0\u00bb background_repeat=\u00a0\u00bbrepeat\u00a0\u00bb width=\u00a0\u00bb100%\u00a0\u00bb global_colors_info=\u00a0\u00bb{}\u00a0\u00bb][et_pb_column type=\u00a0\u00bb4_4&Prime; _builder_version=\u00a0\u00bb4.16&Prime; custom_padding=\u00a0\u00bb|||\u00a0\u00bb global_colors_info=\u00a0\u00bb{}\u00a0\u00bb custom_padding__hover=\u00a0\u00bb|||\u00a0\u00bb][et_pb_wc_tabs _builder_version=\u00a0\u00bb4.16&Prime; global_colors_info=\u00a0\u00bb{}\u00a0\u00bb]\t\t\t\t\t[\/et_pb_wc_tabs][et_pb_wc_upsells _builder_version=\u00a0\u00bb4.16&Prime; global_colors_info=\u00a0\u00bb{}\u00a0\u00bb][\/et_pb_wc_upsells][et_pb_wc_related_products _builder_version=\u00a0\u00bb4.16&Prime; global_colors_info=\u00a0\u00bb{}\u00a0\u00bb][\/et_pb_wc_related_products][\/et_pb_column][\/et_pb_row][\/et_pb_section][et_pb_section fb_built=\u00a0\u00bb1&Prime; _builder_version=\u00a0\u00bb4.16&Prime; global_colors_info=\u00a0\u00bb{}\u00a0\u00bb][et_pb_row _builder_version=\u00a0\u00bb4.16&Prime; background_size=\u00a0\u00bbinitial\u00a0\u00bb background_position=\u00a0\u00bbtop_left\u00a0\u00bb background_repeat=\u00a0\u00bbrepeat\u00a0\u00bb global_colors_info=\u00a0\u00bb{}\u00a0\u00bb][et_pb_column type=\u00a0\u00bb4_4&Prime; _builder_version=\u00a0\u00bb4.16&Prime; custom_padding=\u00a0\u00bb|||\u00a0\u00bb global_colors_info=\u00a0\u00bb{}\u00a0\u00bb custom_padding__hover=\u00a0\u00bb|||\u00a0\u00bb][et_pb_text _builder_version=\u00a0\u00bb4.16&Prime; background_size=\u00a0\u00bbinitial\u00a0\u00bb background_position=\u00a0\u00bbtop_left\u00a0\u00bb background_repeat=\u00a0\u00bbrepeat\u00a0\u00bb global_colors_info=\u00a0\u00bb{}\u00a0\u00bb]\n<h1>SOUTENEZ NOTRE ASSOCIATION<\/h1>\n<p>Reconnue association d\u2019int\u00e9r\u00eat g\u00e9n\u00e9ral, un don \u00e0 \u00ab ESCM \u00bb peut vous faire b\u00e9n\u00e9ficier d\u2019une<strong><em> r\u00e9duction d\u2019imp\u00f4ts \u00e0 hauteur de 66 % de votre don.<\/em><\/strong><\/p>\n<p>Pour un don de 500 \u20ac \u2192co\u00fbt r\u00e9el : 170 \u20ac<\/p>\n<p>Pour un don de 200 \u20ac \u2192co\u00fbt r\u00e9el : 68 \u20ac<\/p>\n<p>Pour un don de 100 \u20ac \u2192co\u00fbt r\u00e9el : 34 \u20ac etc<\/p>\n<h2>Particuliers, entreprises, merci pour votre soutien !<\/h2>\n<p><em>Nous vous fournirons un re\u00e7u fiscal par retour de votre don.<\/em><\/p>\n<p>&nbsp;<\/p>\n<p><em>\u00a0<\/em><br \/>\n[\/et_pb_text][\/et_pb_column][\/et_pb_row][\/et_pb_section]\n","protected":false},"excerpt":{"rendered":"<h1>SOUTENEZ NOTRE ASSOCIATION<\/h1>\n<p>Reconnue association d\u2019int\u00e9r\u00eat g\u00e9n\u00e9ral, un don \u00e0 \u00ab ESCM \u00bb peut vous faire b\u00e9n\u00e9ficier d\u2019une<strong><em> r\u00e9duction d\u2019imp\u00f4ts \u00e0 hauteur de 66 % de votre don.<\/em><\/strong><\/p>\n<p>Pour un don de 500 \u20ac \u2192co\u00fbt r\u00e9el : 170 \u20ac<\/p>\n<p>Pour un don de 200 \u20ac \u2192co\u00fbt r\u00e9el : 68 \u20ac<\/p>\n<p>Pour un don de 100 \u20ac \u2192co\u00fbt r\u00e9el : 34 \u20ac etc<\/p>\n<h2>Particuliers, entreprises, merci pour votre soutien !<\/h2>\n<p><em>Nous vous fournirons un re\u00e7u fiscal par retour de votre don.<\/em><\/p>\n<p><em>Multipliez votre don pour augmenter le montant.<\/em><\/p>\n","protected":false},"featured_media":6023,"comment_status":"closed","ping_status":"closed","template":"","meta":{"_et_pb_use_builder":"on","_et_pb_old_content":"<h1>SOUTENEZ NOTRE ASSOCIATION<\/h1>\r\nReconnue association d\u2019int\u00e9r\u00eat g\u00e9n\u00e9ral, un don \u00e0 \u00ab ESCM \u00bb peut vous faire b\u00e9n\u00e9ficier d\u2019une<strong><em> r\u00e9duction d\u2019imp\u00f4ts \u00e0 hauteur de 66 % de votre don.<\/em><\/strong>\r\n\r\nPour un don de 500 \u20ac \u2192co\u00fbt r\u00e9el : 170 \u20ac\r\n\r\nPour un don de 200 \u20ac \u2192co\u00fbt r\u00e9el : 68 \u20ac\r\n\r\nPour un don de 100 \u20ac \u2192co\u00fbt r\u00e9el : 34 \u20ac etc\r\n<h2>Particuliers, entreprises, merci pour votre soutien !<\/h2>\r\n<em>Nous vous fournirons un re\u00e7u fiscal par retour de votre don.<\/em>\r\n\r\n<em>\u00a0<\/em>","_et_gb_content_width":"","_exactmetrics_skip_tracking":false,"_exactmetrics_sitenote_active":false,"_exactmetrics_sitenote_note":"","_exactmetrics_sitenote_category":0},"product_brand":[],"product_cat":[197],"product_tag":[],"class_list":{"0":"post-6020","1":"product","2":"type-product","3":"status-publish","4":"has-post-thumbnail","6":"product_cat-sponsoring-mecenat","8":"first","9":"instock","10":"shipping-taxable","11":"purchasable","12":"product-type-variable"},"_links":{"self":[{"href":"https:\/\/escm35.fr\/accueil\/wp-json\/wp\/v2\/product\/6020"}],"collection":[{"href":"https:\/\/escm35.fr\/accueil\/wp-json\/wp\/v2\/product"}],"about":[{"href":"https:\/\/escm35.fr\/accueil\/wp-json\/wp\/v2\/types\/product"}],"replies":[{"embeddable":true,"href":"https:\/\/escm35.fr\/accueil\/wp-json\/wp\/v2\/comments?post=6020"}],"wp:featuredmedia":[{"embeddable":true,"href":"https:\/\/escm35.fr\/accueil\/wp-json\/wp\/v2\/media\/6023"}],"wp:attachment":[{"href":"https:\/\/escm35.fr\/accueil\/wp-json\/wp\/v2\/media?parent=6020"}],"wp:term":[{"taxonomy":"product_brand","embeddable":true,"href":"https:\/\/escm35.fr\/accueil\/wp-json\/wp\/v2\/product_brand?post=6020"},{"taxonomy":"product_cat","embeddable":true,"href":"https:\/\/escm35.fr\/accueil\/wp-json\/wp\/v2\/product_cat?post=6020"},{"taxonomy":"product_tag","embeddable":true,"href":"https:\/\/escm35.fr\/accueil\/wp-json\/wp\/v2\/product_tag?post=6020"}],"curies":[{"name":"wp","href":"https:\/\/api.w.org\/{rel}","templated":true}]}}