{"id":6024,"date":"2019-03-12T16:46:49","date_gmt":"2019-03-12T15:46:49","guid":{"rendered":"https:\/\/escm35.fr\/?post_type=product&#038;p=6024"},"modified":"2019-08-07T20:38:49","modified_gmt":"2019-08-07T18:38:49","slug":"sponsor","status":"publish","type":"product","link":"https:\/\/escm35.fr\/accueil\/produit\/sponsor\/","title":{"rendered":"Sponsor"},"content":{"rendered":"[et_pb_section fb_built=\u00a0\u00bb1&Prime; _builder_version=\u00a0\u00bb3.22&Prime;][et_pb_row _builder_version=\u00a0\u00bb3.25&Prime; background_size=\u00a0\u00bbinitial\u00a0\u00bb background_position=\u00a0\u00bbtop_left\u00a0\u00bb background_repeat=\u00a0\u00bbrepeat\u00a0\u00bb][et_pb_column type=\u00a0\u00bb4_4&Prime; _builder_version=\u00a0\u00bb3.25&Prime; custom_padding=\u00a0\u00bb|||\u00a0\u00bb custom_padding__hover=\u00a0\u00bb|||\u00a0\u00bb][et_pb_text _builder_version=\u00a0\u00bb3.0.74&Prime; background_size=\u00a0\u00bbinitial\u00a0\u00bb background_position=\u00a0\u00bbtop_left\u00a0\u00bb background_repeat=\u00a0\u00bbrepeat\u00a0\u00bb]\n<h1><strong>Devenez partenaire de notre association<\/strong> !<\/h1>\n<p>Artisan, Entrepreneur, devenez partenaire \u00e0 l&rsquo;ESCM<\/p>\n<p>Vous recherchez des\u00a0 retours indirects comme de la <strong>notori\u00e9t\u00e9<\/strong>, de <strong>l\u2019image<\/strong> (s\u2019associer \u00e0 un mouvement sportif donne une bonne image de votre entreprise) mais il peut \u00e9galement y avoir des retours directs, comme obtenir de <strong>nouveaux clients<\/strong>.<\/p>\n<p>Autre avantage important\u00a0: la <strong>fiscalit\u00e9<\/strong>. En effet, <strong>60% des d\u00e9penses engag\u00e9es sont d\u00e9ductibles du r\u00e9sultat fiscal<\/strong> pour votre entreprise.<\/p>\n<p><strong>Dynamiser l\u2019image de votre entreprise et all\u00e9ger vos charges fiscales\u00a0!<\/strong><\/p>\n<p>&nbsp;<\/p>\n<div><\/div>\n<div class=\"post-categories\"><\/div>\n<p>Location emplacement d&rsquo;un<strong> panneau publicitaire<\/strong><\/p>\n<p>Dur\u00e9e : Valable pour la saison sportive<\/p>\n<p>Lieu : Salle des sports de Moulins<\/p>\n<p>Logo visible sur le site internet \u00ab\u00a0escm35.fr\u00a0\u00bb<\/p>\n<p><em>Contactez nous au 06 22 11 60 48<\/em><\/p>\n<p>&nbsp;<\/p>\n<p>&nbsp;<\/p>\n<p><em>\u00a0<\/em><br \/>\n[\/et_pb_text][\/et_pb_column][\/et_pb_row][\/et_pb_section]\n","protected":false},"excerpt":{"rendered":"<p>Location emplacement d&rsquo;un<strong> panneau publicitaire<\/strong><\/p>\n<p>Dur\u00e9e : Valable pour la saison sportive<\/p>\n<p>Lieu : Salle des sports de Moulins<\/p>\n<p>Logo visible sur le site internet \u00ab\u00a0escm35.fr\u00a0\u00bb<\/p>\n<p>&nbsp;<\/p>\n","protected":false},"featured_media":6023,"comment_status":"closed","ping_status":"closed","template":"","meta":{"_et_pb_use_builder":"on","_et_pb_old_content":"<h1><strong>Devenez partenaire de notre association<\/strong> !<\/h1><p>Artisan, Entrepreneur, devenez partenaire \u00e0 l'ESCM<\/p><p>Vous recherchez des\u00a0 retours indirects comme de la <strong>notori\u00e9t\u00e9<\/strong>, de <strong>l\u2019image<\/strong> (s\u2019associer \u00e0 un mouvement sportif donne une bonne image de votre entreprise) mais il peut \u00e9galement y avoir des retours directs, comme obtenir de <strong>nouveaux clients<\/strong>.<\/p><p>Autre avantage important\u00a0: la <strong>fiscalit\u00e9<\/strong>. En effet, <strong>60% des d\u00e9penses engag\u00e9es sont d\u00e9ductibles du r\u00e9sultat fiscal<\/strong> pour votre entreprise.<\/p><p><strong>Dynamiser l\u2019image de votre entreprise et all\u00e9ger vos charges fiscales\u00a0!<\/strong><\/p><p>\u00a0<\/p><div>\u00a0<\/div><div class=\"post-categories\">\u00a0<\/div><p>Location emplacement d'un<strong> panneau publicitaire<\/strong><\/p><p>Dur\u00e9e : Valable pour la saison sportive<\/p><p>Lieu : Salle des sports de Moulins<\/p><p>Logo visible sur le site internet \"escm35.fr\"<\/p><p><em>Contactez nous au 06 22 11 60 48<\/em><\/p><p>\u00a0<\/p><p>\u00a0<\/p><p><em>\u00a0<\/em><\/p>","_et_gb_content_width":"","_exactmetrics_skip_tracking":false,"_exactmetrics_sitenote_active":false,"_exactmetrics_sitenote_note":"","_exactmetrics_sitenote_category":0},"product_brand":[],"product_cat":[197],"product_tag":[],"class_list":{"0":"post-6024","1":"product","2":"type-product","3":"status-publish","4":"has-post-thumbnail","6":"product_cat-sponsoring-mecenat","8":"first","9":"instock","10":"shipping-taxable","11":"purchasable","12":"product-type-simple"},"_links":{"self":[{"href":"https:\/\/escm35.fr\/accueil\/wp-json\/wp\/v2\/product\/6024"}],"collection":[{"href":"https:\/\/escm35.fr\/accueil\/wp-json\/wp\/v2\/product"}],"about":[{"href":"https:\/\/escm35.fr\/accueil\/wp-json\/wp\/v2\/types\/product"}],"replies":[{"embeddable":true,"href":"https:\/\/escm35.fr\/accueil\/wp-json\/wp\/v2\/comments?post=6024"}],"wp:featuredmedia":[{"embeddable":true,"href":"https:\/\/escm35.fr\/accueil\/wp-json\/wp\/v2\/media\/6023"}],"wp:attachment":[{"href":"https:\/\/escm35.fr\/accueil\/wp-json\/wp\/v2\/media?parent=6024"}],"wp:term":[{"taxonomy":"product_brand","embeddable":true,"href":"https:\/\/escm35.fr\/accueil\/wp-json\/wp\/v2\/product_brand?post=6024"},{"taxonomy":"product_cat","embeddable":true,"href":"https:\/\/escm35.fr\/accueil\/wp-json\/wp\/v2\/product_cat?post=6024"},{"taxonomy":"product_tag","embeddable":true,"href":"https:\/\/escm35.fr\/accueil\/wp-json\/wp\/v2\/product_tag?post=6024"}],"curies":[{"name":"wp","href":"https:\/\/api.w.org\/{rel}","templated":true}]}}